{"id":3979,"date":"2016-03-18T04:34:39","date_gmt":"2016-03-18T04:34:39","guid":{"rendered":"http:\/\/lcterraconsultoria.com.br\/site\/?page_id=3979"},"modified":"2016-04-24T08:45:16","modified_gmt":"2016-04-24T11:45:16","slug":"quem-somos","status":"publish","type":"page","link":"https:\/\/lcterraconsultoria.com.br\/site\/quem-somos\/","title":{"rendered":"Quem Somos"},"content":{"rendered":"<p>[vc_row full_width=&#8221;stretch_row&#8221; parallax=&#8221;content-moving&#8221; parallax_image=&#8221;4342&#8243; wrap_container=&#8221;yes&#8221; section_text_color=&#8221;light&#8221; text_align=&#8221;center&#8221; is_section=&#8221;yes&#8221; remove_margin_top=&#8221;yes&#8221; remove_margin_bottom=&#8221;yes&#8221; remove_padding_top=&#8221;yes&#8221; remove_padding_bottom=&#8221;yes&#8221; remove_border=&#8221;yes&#8221; css=&#8221;.vc_custom_1460484934334{margin-top: 0px !important;margin-bottom: 0px !important;}&#8221;][vc_column remove_margin_top=&#8221;yes&#8221; remove_margin_bottom=&#8221;yes&#8221; remove_padding_top=&#8221;yes&#8221; css=&#8221;.vc_custom_1458276189242{margin-top: 0px !important;border-top-width: 0px !important;padding-top: 0px !important;}&#8221;][vc_empty_space height=&#8221;50px&#8221;][vc_empty_space height=&#8221;50px&#8221;]<div class=\"porto-container container \"><div id=\"uvc-type-wrap-3442\"  data-ultimate-target='#uvc-type-wrap-3442'  data-responsive-json-new='{\"font-size\":\"desktop:38px;tablet:38px;tablet_portrait:32px;mobile_landscape:28px;mobile:26px;\",\"line-height\":\"desktop:42px;tablet:42px;tablet_portrait:36px;mobile_landscape:32px;mobile:30px;\"}'  class=\"uvc-type-wrap  ult-adjust-bottom-margin ult-responsive  uvc-type-align-left uvc-type-no-prefix uvc-wrap-207420729069fe65032e3d4\" style=\"font-style:italic;font-weight:bold;text-align:left;\"><span id=\"typed-207420729069fe65032e3d4\" class=\"ultimate-typed-main \" style=\"color:#ffffff;\"><\/span><script type=\"text\/javascript\"> jQuery(function($){ $(\"#typed-207420729069fe65032e3d4\").typed({\n\t\t\t\t\t\t\t\tstrings: [\"Nossa Vis\u00e3o\"],\n\t\t\t\t\t\t\t\ttypeSpeed: 35,\n\t\t\t\t\t\t\t\tbackSpeed: 0,\n\t\t\t\t\t\t\t\tstartDelay: 200,\n\t\t\t\t\t\t\t\tbackDelay: 1500,\n\t\t\t\t\t\t\t\tloop: false,\n\t\t\t\t\t\t\t\tloopCount: false,\n\t\t\t\t\t\t\t\tshowCursor: true,\n\t\t\t\t\t\t\t\tcursorChar: \"|\",\n\t\t\t\t\t\t\t\tattr: null\n\t\t\t\t\t\t\t});\n\t\t\t\t\t\t});\n\t\t\t\t\t<\/script><\/div>[vc_column_text css_animation=&#8221;appear&#8221;]<\/p>\n<h3><span style=\"color: #ffffff;\"><strong>&#8220;Ser para nossos clientes a fonte constante de aprimoramento, de conhecimento para\u00a0<\/strong><\/span><strong style=\"color: #ffffff; line-height: 1.5;\">seus problemas com total respeito a sua cultura e seus mais diversos valores.&#8221;<\/strong><\/h3>\n<p>[\/vc_column_text][vc_btn title=&#8221;Entre em contato&#8221; shape=&#8221;square&#8221; size=&#8221;lg&#8221; align=&#8221;right&#8221; i_icon_fontawesome=&#8221;fa fa-phone-square&#8221; scale=&#8221;scale-2&#8243; add_icon=&#8221;true&#8221; link=&#8221;url:https%3A%2F%2Flcterraconsultoria.com.br%2Fsite%2Fsite%2Fnews%2Fcontato%2F||&#8221;]<\/div>[vc_empty_space][\/vc_column][\/vc_row][vc_row][vc_column][vc_empty_space][\/vc_column][\/vc_row][vc_row wrap_container=&#8221;yes&#8221; remove_margin_top=&#8221;yes&#8221; remove_margin_bottom=&#8221;yes&#8221; remove_padding_top=&#8221;yes&#8221; remove_padding_bottom=&#8221;yes&#8221;][vc_column width=&#8221;1\/2&#8243; remove_margin_top=&#8221;yes&#8221; remove_margin_bottom=&#8221;yes&#8221; remove_padding_top=&#8221;yes&#8221; remove_padding_bottom=&#8221;yes&#8221;][vc_column_text]A LC Terra Consultoria e Treinamento foi idealizada ainda no meio acad\u00eamico, quando seu s\u00f3cio fundador Luiz Carlos Nogueira Terra ministrava seus ensinamentos, nas apresenta\u00e7\u00f5es de seus trabalhos em salas de aula e tamb\u00e9m em r\u00e1pidos cursos. Observando a satisfa\u00e7\u00e3o e o sucesso de seus aplicados colegas de classe e tamb\u00e9m de seus alunos, surgiu o desejo de estender seus ensinamentos ao mercado profissional. Contudo sempre achou que seu conhecimento era ainda muito pequeno, no mundo do saber e principalmente para o mundo empresarial.<\/p>\n<p>Longos anos se passaram e seu sucesso como profissional da \u00e1rea financeira que se tornou e tamb\u00e9m seus cursos de especializa\u00e7\u00f5es, foram suficientes, para dar um basta em sua vida de vinculo empregat\u00edcio e empenhar-se em trabalhar no seu inicial projeto, o de poder colaborar com empresas, empres\u00e1rios e colaboradores, quanto a melhorar o desempenho das empresas. Sempre se mantendo especializado, tornou-se um adorador do conhecimento e buscou seu planejamento de vida, voltado para sua empresa e tamb\u00e9m para um trabalho diferenciado, sempre com o intuito de ser o diferencial para as empresas e seus contratantes.<\/p>\n<p>Atualmente a LC Terra Consultoria e Treinamento, \u00e9 composta por profissionais e associados dos mais diversos seguimentos, onde tamb\u00e9m comungam com a mesma ideologia que o seu fundador. Pregando principalmente conhecimento e trabalhos diferenciados, pois nenhuma empresa \u00e9 igual \u00e0 outra e nenhum problema dever ser resolvido como outros que j\u00e1 foram efetivado. Com isto a LC Terra Consultoria e Treinamento, conseguiu difundir suas t\u00e9cnicas e conhecimento de maneira satisfat\u00f3ria, apresentando solu\u00e7\u00f5es e alavancando os neg\u00f3cios.<\/p>\n<p>O crescimento r\u00e1pido, s\u00f3lido e efetivo de cada empresa, como um todo, passou a ser encarado como um desafio a ser conquistado ao final de cada trabalho desenvolvido. Acreditando na seriedade de seu trabalho a LC Terra passou a ter mais que um objetivo, mais que valores, mas a miss\u00e3o de desenvolver o mercado empresarial atrav\u00e9s do conhecimento, da compet\u00eancia e do constante aprimoramento objetivando a evolu\u00e7\u00e3o da sociedade brasileira.<\/p>\n<p>A LC Terra \u00e9 uma empresa que busca, mais do que prestar servi\u00e7os empresariais, trazer solu\u00e7\u00f5es de neg\u00f3cios a seus clientes.<\/p>\n<p>Nossos clientes s\u00e3o pequenas e m\u00e9dias empresas, com atua\u00e7\u00e3o regional e nacional, mas com uma coisa em comum: o foco no crescimento e maximiza\u00e7\u00e3o do retorno de seu investimento.[\/vc_column_text][\/vc_column][vc_column width=&#8221;1\/2&#8243; remove_margin_top=&#8221;yes&#8221; remove_margin_bottom=&#8221;yes&#8221; remove_padding_top=&#8221;yes&#8221; remove_padding_bottom=&#8221;yes&#8221; remove_border=&#8221;yes&#8221; css=&#8221;.vc_custom_1458279933792{margin-top: 0px !important;padding-top: 0px !important;}&#8221;]<div class=\"porto-content-box featured-boxes wpb_content_element  featured-boxes-flat\"><div class=\"featured-box  align-left\" style=\"\"><div class=\"box-content\" style=\"border-top-color:#b06f0e;border-top-width:3pxpx;\"><div class=\"aio-icon-component    style_1\"><div id=\"Info-box-wrap-5501\" class=\"aio-icon-box default-icon\" style=\"\"  ><div class=\"aio-icon-default\"><div class=\"ult-just-icon-wrapper  \"><div class=\"align-icon\" style=\"text-align:center;\">\n<div class=\"aio-icon none \"  style=\"color:#b06f0e;font-size:28px;display:inline-block;\">\n\t<i class=\"Defaults-line-chart\"><\/i>\n<\/div><\/div><\/div><\/div><div class=\"aio-icon-header\" ><h3 class=\"aio-icon-title ult-responsive\"  data-ultimate-target='#Info-box-wrap-5501 .aio-icon-title'  data-responsive-json-new='{\"font-size\":\"desktop:24px;\",\"line-height\":\"desktop:28px;\"}'  style=\"color:#b06f0e;\">Nossos Objetivos<\/h3><\/div> <!-- header --><div class=\"aio-icon-description ult-responsive\"  data-ultimate-target='#Info-box-wrap-5501 .aio-icon-description'  data-responsive-json-new='{\"font-size\":\"\",\"line-height\":\"\"}'  style=\"color:#727272;\">Criada para solucionar as quest\u00f5es da evolu\u00e7\u00e3o e consolida\u00e7\u00e3o das empresas, a LC Terra Consultoria e Treinamento tem apresentado resultados significativos para as diversas gest\u00f5es administrativas e financeiras, conquistada atrav\u00e9s de estudos detalhados do empreendimento, identifica\u00e7\u00e3o de problemas, implanta\u00e7\u00e3o e acompanhamento de projetos, elabora\u00e7\u00e3o de projetos de investimentos, formata\u00e7\u00e3o de objetivos, analise e viabilidade dos neg\u00f3cios, minimiza\u00e7\u00e3o de custos e tamb\u00e9m analisando e desenvolvendo t\u00e9cnicas operacionais.<\/p>\n<p>A consultoria tem ainda o objetivo de eliminar o endividamento oneroso, tratar a renegocia\u00e7\u00e3o de dividas, viabilizar a inje\u00e7\u00e3o de capital, apresenta\u00e7\u00e3o de fontes de financiamento a baixo custo, com prazos necess\u00e1rios para fomentar o capital de giro, otimizando a obten\u00e7\u00e3o de lucros.<\/div> <!-- description --><\/div> <!-- aio-icon-box --><\/div> <!-- aio-icon-component -->[vc_separator color=&#8221;custom&#8221; border_width=&#8221;2&#8243; show_icon=&#8221;yes&#8221; accent_color=&#8221;#b06f0e&#8221; icon=&#8221;fa fa-globe&#8221; icon_color=&#8221;#b06f0e&#8221;]<div class=\"aio-icon-component    style_1\"><div id=\"Info-box-wrap-5669\" class=\"aio-icon-box default-icon\" style=\"\"  ><div class=\"aio-icon-default\"><div class=\"ult-just-icon-wrapper  \"><div class=\"align-icon\" style=\"text-align:center;\">\n<div class=\"aio-icon none \"  style=\"color:#b06f0e;font-size:28px;display:inline-block;\">\n\t<i class=\"Defaults-check-square-o\"><\/i>\n<\/div><\/div><\/div><\/div><div class=\"aio-icon-header\" ><h3 class=\"aio-icon-title ult-responsive\"  data-ultimate-target='#Info-box-wrap-5669 .aio-icon-title'  data-responsive-json-new='{\"font-size\":\"desktop:24px;\",\"line-height\":\"desktop:28px;\"}'  style=\"color:#b06f0e;\">Nossos Valores<\/h3><\/div> <!-- header --><div class=\"aio-icon-description ult-responsive\"  data-ultimate-target='#Info-box-wrap-5669 .aio-icon-description'  data-responsive-json-new='{\"font-size\":\"\",\"line-height\":\"\"}'  style=\"color:#727272;\">\n<ul>\n<li>Ser uma empresa s\u00e9ria, confi\u00e1vel e uma refer\u00eancia para os clientes;<\/li>\n<li>Valorizar a honestidade e a transpar\u00eancia acima de tudo;<\/li>\n<li>Oferecer servi\u00e7os a pre\u00e7os justos e reconhecidos como os melhores do mercado;<\/li>\n<li>Proporcionar atendimento diferenciado, com trabalhos personalizados aos clientes;<\/li>\n<li>Estimular a criatividade, valorizando as pessoas que ousam;<\/li>\n<li>Apresentar e desenvolver oportunidades especiais para preservar sempre um ambiente agrad\u00e1vel ao trabalho, com profissionalismo, respeito e sem preconceitos;<\/li>\n<li>Reconhecer os erros e reproduzir o que existe de melhor. Aprimorar, sempre que poss\u00edvel.<\/li>\n<\/ul>\n<p><\/div> <!-- description --><\/div> <!-- aio-icon-box --><\/div> <!-- aio-icon-component --><\/div><\/div><\/div>[\/vc_column][\/vc_row]<\/p>\n","protected":false},"excerpt":{"rendered":"<p>[vc_row full_width=&#8221;stretch_row&#8221; parallax=&#8221;content-moving&#8221; parallax_image=&#8221;4342&#8243; wrap_container=&#8221;yes&#8221; section_text_color=&#8221;light&#8221; text_align=&#8221;center&#8221; is_section=&#8221;yes&#8221; remove_margin_top=&#8221;yes&#8221; remove_margin_bottom=&#8221;yes&#8221; remove_padding_top=&#8221;yes&#8221; remove_padding_bottom=&#8221;yes&#8221; remove_border=&#8221;yes&#8221; css=&#8221;.vc_custom_1460484934334{margin-top: 0px !important;margin-bottom: 0px !important;}&#8221;][vc_column remove_margin_top=&#8221;yes&#8221; remove_margin_bottom=&#8221;yes&#8221; remove_padding_top=&#8221;yes&#8221; css=&#8221;.vc_custom_1458276189242{margin-top: 0px !important;border-top-width: 0px !important;padding-top: 0px !important;}&#8221;][vc_empty_space height=&#8221;50px&#8221;][vc_empty_space height=&#8221;50px&#8221;][vc_empty_space][\/vc_column][\/vc_row][vc_row][vc_column][vc_empty_space][\/vc_column][\/vc_row][vc_row wrap_container=&#8221;yes&#8221; remove_margin_top=&#8221;yes&#8221; remove_margin_bottom=&#8221;yes&#8221; remove_padding_top=&#8221;yes&#8221; remove_padding_bottom=&#8221;yes&#8221;][vc_column width=&#8221;1\/2&#8243; remove_margin_top=&#8221;yes&#8221; remove_margin_bottom=&#8221;yes&#8221; remove_padding_top=&#8221;yes&#8221; remove_padding_bottom=&#8221;yes&#8221;][vc_column_text]A LC Terra Consultoria e Treinamento foi idealizada ainda no meio acad\u00eamico, quando seu s\u00f3cio fundador [&hellip;]<\/p>\n","protected":false},"author":2,"featured_media":0,"parent":0,"menu_order":0,"comment_status":"closed","ping_status":"closed","template":"","meta":{"footnotes":""},"class_list":["post-3979","page","type-page","status-publish","hentry"],"jetpack_sharing_enabled":true,"_links":{"self":[{"href":"https:\/\/lcterraconsultoria.com.br\/site\/wp-json\/wp\/v2\/pages\/3979","targetHints":{"allow":["GET"]}}],"collection":[{"href":"https:\/\/lcterraconsultoria.com.br\/site\/wp-json\/wp\/v2\/pages"}],"about":[{"href":"https:\/\/lcterraconsultoria.com.br\/site\/wp-json\/wp\/v2\/types\/page"}],"author":[{"embeddable":true,"href":"https:\/\/lcterraconsultoria.com.br\/site\/wp-json\/wp\/v2\/users\/2"}],"replies":[{"embeddable":true,"href":"https:\/\/lcterraconsultoria.com.br\/site\/wp-json\/wp\/v2\/comments?post=3979"}],"version-history":[{"count":42,"href":"https:\/\/lcterraconsultoria.com.br\/site\/wp-json\/wp\/v2\/pages\/3979\/revisions"}],"predecessor-version":[{"id":4372,"href":"https:\/\/lcterraconsultoria.com.br\/site\/wp-json\/wp\/v2\/pages\/3979\/revisions\/4372"}],"wp:attachment":[{"href":"https:\/\/lcterraconsultoria.com.br\/site\/wp-json\/wp\/v2\/media?parent=3979"}],"curies":[{"name":"wp","href":"https:\/\/api.w.org\/{rel}","templated":true}]}}